{"id":8442,"date":"2024-05-29T08:55:34","date_gmt":"2024-05-29T06:55:34","guid":{"rendered":"https:\/\/www.clubritmicasantfeliu.net\/wordpress\/?page_id=8442"},"modified":"2024-06-30T21:36:47","modified_gmt":"2024-06-30T19:36:47","slug":"alta-al-club","status":"publish","type":"page","link":"https:\/\/www.clubritmicasantfeliu.net\/wordpress\/alta-al-club\/","title":{"rendered":"INSCRIPCI\u00d3N AL CLUB R\u00cdTMICA SANTFELIU"},"content":{"rendered":"\n<div class=\"wp-block-media-text is-stacked-on-mobile\" style=\"grid-template-columns:35% auto\"><figure class=\"wp-block-media-text__media\"><img loading=\"lazy\" decoding=\"async\" width=\"1024\" height=\"1024\" src=\"https:\/\/www.clubritmicasantfeliu.net\/wordpress\/wp-content\/uploads\/2024\/05\/flecha-derecha-1024x1024.jpg\" alt=\"\" class=\"wp-image-8490 size-full\" srcset=\"https:\/\/www.clubritmicasantfeliu.net\/wordpress\/wp-content\/uploads\/2024\/05\/flecha-derecha-1024x1024.jpg 1024w, https:\/\/www.clubritmicasantfeliu.net\/wordpress\/wp-content\/uploads\/2024\/05\/flecha-derecha-300x300.jpg 300w, https:\/\/www.clubritmicasantfeliu.net\/wordpress\/wp-content\/uploads\/2024\/05\/flecha-derecha-150x150.jpg 150w, https:\/\/www.clubritmicasantfeliu.net\/wordpress\/wp-content\/uploads\/2024\/05\/flecha-derecha-768x768.jpg 768w, https:\/\/www.clubritmicasantfeliu.net\/wordpress\/wp-content\/uploads\/2024\/05\/flecha-derecha-230x230.jpg 230w, https:\/\/www.clubritmicasantfeliu.net\/wordpress\/wp-content\/uploads\/2024\/05\/flecha-derecha-400x400.jpg 400w, https:\/\/www.clubritmicasantfeliu.net\/wordpress\/wp-content\/uploads\/2024\/05\/flecha-derecha-600x600.jpg 600w, https:\/\/www.clubritmicasantfeliu.net\/wordpress\/wp-content\/uploads\/2024\/05\/flecha-derecha-640x640.jpg 640w, https:\/\/www.clubritmicasantfeliu.net\/wordpress\/wp-content\/uploads\/2024\/05\/flecha-derecha.jpg 1200w\" sizes=\"(max-width: 1024px) 100vw, 1024px\" \/><\/figure><div class=\"wp-block-media-text__content\">\n<p><a href=\"https:\/\/www.clubritmicasantfeliu.net\/wordpress\/wp-content\/uploads\/2020\/08\/Autoritzaci%C3%B3-dades-e-imatges-de-menors-CRSF.pdf\">Autoritzaci\u00f3 dades i imatges menors <\/a><a href=\"https:\/\/www.clubritmicasantfeliu.net\/wordpress\/wp-content\/uploads\/2024\/06\/Autorizacion-Bancaria-CR-Santfeliu.pdf\"> <\/a><br><a href=\"https:\/\/www.clubritmicasantfeliu.net\/wordpress\/wp-content\/uploads\/2024\/06\/Autorizacion-Bancaria-CR-Santfeliu.pdf\">Autoritzaci\u00f3 cobrament per el banc<\/a><br><a href=\"https:\/\/www.clubritmicasantfeliu.net\/wordpress\/wp-content\/uploads\/2020\/08\/declaracio_responsable_menors_edat-CRSF.pdf\">Declaraci\u00f3 responsable menors d&#8217;edat<\/a><\/p>\n\n\n\n<h2 class=\"wp-block-heading\">Descarregar aquests documents omplir-los i anexar-los al document d&#8217;alta<\/h2>\n<\/div><\/div>\n\n\n<style id=\"wpforms-css-vars-root\">\n\t\t\t\t:root {\n\t\t\t\t\t--wpforms-field-border-radius: 3px;\n--wpforms-field-border-style: solid;\n--wpforms-field-border-size: 1px;\n--wpforms-field-background-color: #ffffff;\n--wpforms-field-border-color: rgba( 0, 0, 0, 0.25 );\n--wpforms-field-border-color-spare: rgba( 0, 0, 0, 0.25 );\n--wpforms-field-text-color: rgba( 0, 0, 0, 0.7 );\n--wpforms-field-menu-color: #ffffff;\n--wpforms-label-color: rgba( 0, 0, 0, 0.85 );\n--wpforms-label-sublabel-color: rgba( 0, 0, 0, 0.55 );\n--wpforms-label-error-color: #d63637;\n--wpforms-button-border-radius: 3px;\n--wpforms-button-border-style: none;\n--wpforms-button-border-size: 1px;\n--wpforms-button-background-color: #066aab;\n--wpforms-button-border-color: #066aab;\n--wpforms-button-text-color: #ffffff;\n--wpforms-page-break-color: #066aab;\n--wpforms-background-image: none;\n--wpforms-background-position: center center;\n--wpforms-background-repeat: no-repeat;\n--wpforms-background-size: cover;\n--wpforms-background-width: 100px;\n--wpforms-background-height: 100px;\n--wpforms-background-color: rgba( 0, 0, 0, 0 );\n--wpforms-background-url: none;\n--wpforms-container-padding: 0px;\n--wpforms-container-border-style: none;\n--wpforms-container-border-width: 1px;\n--wpforms-container-border-color: #000000;\n--wpforms-container-border-radius: 3px;\n--wpforms-field-size-input-height: 43px;\n--wpforms-field-size-input-spacing: 15px;\n--wpforms-field-size-font-size: 16px;\n--wpforms-field-size-line-height: 19px;\n--wpforms-field-size-padding-h: 14px;\n--wpforms-field-size-checkbox-size: 16px;\n--wpforms-field-size-sublabel-spacing: 5px;\n--wpforms-field-size-icon-size: 1;\n--wpforms-label-size-font-size: 16px;\n--wpforms-label-size-line-height: 19px;\n--wpforms-label-size-sublabel-font-size: 14px;\n--wpforms-label-size-sublabel-line-height: 17px;\n--wpforms-button-size-font-size: 17px;\n--wpforms-button-size-height: 41px;\n--wpforms-button-size-padding-h: 15px;\n--wpforms-button-size-margin-top: 10px;\n--wpforms-container-shadow-size-box-shadow: none;\n\n\t\t\t\t}\n\t\t\t<\/style><div class=\"wpforms-container wpforms-container-full wpforms-stripe wpforms-block wpforms-block-c1c2cc6a-ea6f-4918-9e6c-bd78a753dee5 wpforms-render-modern\" id=\"wpforms-8434\"><form id=\"wpforms-form-8434\" class=\"wpforms-validate wpforms-form wpforms-ajax-form\" data-formid=\"8434\" method=\"post\" enctype=\"multipart\/form-data\" action=\"\/wordpress\/wp-json\/wp\/v2\/pages\/8442?wpforms_form_id=8434\" data-token=\"b6e0bc73b91ca714d35afcb22b18ebce\" data-token-time=\"1777468224\"><noscript class=\"wpforms-error-noscript\">Por favor, activa JavaScript en tu navegador para completar este formulario.<\/noscript><div class=\"wpforms-hidden\" id=\"wpforms-error-noscript\">Por favor, activa JavaScript en tu navegador para completar este formulario.<\/div><div class=\"wpforms-field-container\"><div id=\"wpforms-8434-field_29-container\" class=\"wpforms-field wpforms-field-text\" data-field-id=\"29\"><label class=\"wpforms-field-label\" for=\"wpforms-8434-field_29\">Nom i Cognoms de la nena o nen <span class=\"wpforms-required-label\" aria-hidden=\"true\">*<\/span><\/label><input type=\"text\" id=\"wpforms-8434-field_29\" class=\"wpforms-field-medium wpforms-field-required\" name=\"wpforms[fields][29]\" aria-errormessage=\"wpforms-8434-field_29-error\" required><\/div><div id=\"wpforms-8434-field_16-container\" class=\"wpforms-field wpforms-field-date-time\" data-field-id=\"16\"><label class=\"wpforms-field-label\" for=\"wpforms-8434-field_16\">Data naixement <span class=\"wpforms-required-label\" aria-hidden=\"true\">*<\/span><\/label><div class=\"wpforms-datepicker-wrap\"><input type=\"text\" id=\"wpforms-8434-field_16\" class=\"wpforms-field-date-time-date wpforms-datepicker wpforms-field-required wpforms-field-medium\" data-date-format=\"d\/m\/Y\" data-disable-past-dates=\"0\" data-input=\"true\" name=\"wpforms[fields][16][date]\" aria-errormessage=\"wpforms-8434-field_16-error\" required><a title=\"Borrar fecha\" data-clear class=\"wpforms-datepicker-clear\" style=\"display:none;\"><\/a><\/div><\/div><div id=\"wpforms-8434-field_21-container\" class=\"wpforms-field wpforms-field-text\" data-field-id=\"21\"><label class=\"wpforms-field-label\" for=\"wpforms-8434-field_21\">DNI <span class=\"wpforms-required-label\" aria-hidden=\"true\">*<\/span><\/label><input type=\"text\" id=\"wpforms-8434-field_21\" class=\"wpforms-field-small wpforms-field-required wpforms-limit-characters-enabled\" data-form-id=\"8434\" data-field-id=\"21\" data-text-limit=\"9\" name=\"wpforms[fields][21]\" aria-errormessage=\"wpforms-8434-field_21-error\" maxlength=\"9\" required><\/div><div id=\"wpforms-8434-field_17-container\" class=\"wpforms-field wpforms-field-address\" data-field-id=\"17\"><fieldset><legend class=\"wpforms-field-label\">Adre\u00e7a <span class=\"wpforms-required-label\" aria-hidden=\"true\">*<\/span><\/legend><div class=\"wpforms-field-row wpforms-field-medium\"><div ><input type=\"text\" id=\"wpforms-8434-field_17\" class=\"wpforms-field-address-address1 wpforms-field-required\" name=\"wpforms[fields][17][address1]\" aria-errormessage=\"wpforms-8434-field_17-error\" required><label for=\"wpforms-8434-field_17\" class=\"wpforms-field-sublabel after \">Direcci\u00f3n (l\u00ednea 1)<\/label><\/div><\/div><div class=\"wpforms-field-row wpforms-field-medium\"><div class=\"wpforms-field-row-block wpforms-one-half wpforms-first\"><input type=\"text\" id=\"wpforms-8434-field_17-city\" class=\"wpforms-field-address-city wpforms-field-required\" name=\"wpforms[fields][17][city]\" aria-errormessage=\"wpforms-8434-field_17-city-error\" required><label for=\"wpforms-8434-field_17-city\" class=\"wpforms-field-sublabel after \">Ciudad<\/label><\/div><div class=\"wpforms-field-row-block wpforms-one-half\"><input type=\"text\" id=\"wpforms-8434-field_17-state\" class=\"wpforms-field-address-state wpforms-field-required\" name=\"wpforms[fields][17][state]\" value=\"BARCELONA\" aria-errormessage=\"wpforms-8434-field_17-state-error\" required><label for=\"wpforms-8434-field_17-state\" class=\"wpforms-field-sublabel after \">Estado \/ Provincia \/ Regi\u00f3n<\/label><\/div><\/div><\/fieldset><\/div><div id=\"wpforms-8434-field_34-container\" class=\"wpforms-field wpforms-field-phone\" data-field-id=\"34\"><label class=\"wpforms-field-label\" for=\"wpforms-8434-field_34\">Tel\u00e9fon <span class=\"wpforms-required-label\" aria-hidden=\"true\">*<\/span><\/label><input type=\"tel\" id=\"wpforms-8434-field_34\" class=\"wpforms-field-medium wpforms-field-required wpforms-smart-phone-field\" data-rule-smart-phone-field=\"true\" name=\"wpforms[fields][34]\" aria-errormessage=\"wpforms-8434-field_34-error\" required><\/div><div id=\"wpforms-8434-field_3-container\" class=\"wpforms-field wpforms-field-text\" data-field-id=\"3\"><label class=\"wpforms-field-label\" for=\"wpforms-8434-field_3\">Tarjeta Sanitaria <span class=\"wpforms-required-label\" aria-hidden=\"true\">*<\/span><\/label><input type=\"text\" id=\"wpforms-8434-field_3\" class=\"wpforms-field-medium wpforms-field-required\" name=\"wpforms[fields][3]\" aria-errormessage=\"wpforms-8434-field_3-error\" aria-describedby=\"wpforms-8434-field_3-description\" required><div id=\"wpforms-8434-field_3-description\" class=\"wpforms-field-description\">Numero de targeta (MOCA11111111111)<\/div><\/div><div id=\"wpforms-8434-field_8-container\" class=\"wpforms-field wpforms-field-name\" data-field-id=\"8\"><label class=\"wpforms-field-label\" for=\"wpforms-8434-field_8\">Nom de la mare <span class=\"wpforms-required-label\" aria-hidden=\"true\">*<\/span><\/label><input type=\"text\" id=\"wpforms-8434-field_8\" class=\"wpforms-field-medium wpforms-field-required\" name=\"wpforms[fields][8]\" aria-errormessage=\"wpforms-8434-field_8-error\" required><\/div><div id=\"wpforms-8434-field_32-container\" class=\"wpforms-field wpforms-field-name\" data-field-id=\"32\"><label class=\"wpforms-field-label\" for=\"wpforms-8434-field_32\">Nom del pare <span class=\"wpforms-required-label\" aria-hidden=\"true\">*<\/span><\/label><input type=\"text\" id=\"wpforms-8434-field_32\" class=\"wpforms-field-medium wpforms-field-required\" name=\"wpforms[fields][32]\" aria-errormessage=\"wpforms-8434-field_32-error\" required><\/div><div id=\"wpforms-8434-field_7-container\" class=\"wpforms-field wpforms-field-email\" data-field-id=\"7\"><label class=\"wpforms-field-label\" for=\"wpforms-8434-field_7\">Email <span class=\"wpforms-required-label\" aria-hidden=\"true\">*<\/span><\/label><input type=\"email\" id=\"wpforms-8434-field_7\" class=\"wpforms-field-medium wpforms-field-required\" name=\"wpforms[fields][7]\" spellcheck=\"false\" aria-errormessage=\"wpforms-8434-field_7-error\" required><\/div><div id=\"wpforms-8434-field_30-container\" class=\"wpforms-field wpforms-field-text\" data-field-id=\"30\"><label class=\"wpforms-field-label\" for=\"wpforms-8434-field_30\">Banc <span class=\"wpforms-required-label\" aria-hidden=\"true\">*<\/span><\/label><input type=\"text\" id=\"wpforms-8434-field_30\" class=\"wpforms-field-medium wpforms-field-required\" name=\"wpforms[fields][30]\" aria-errormessage=\"wpforms-8434-field_30-error\" required><\/div><div id=\"wpforms-8434-field_31-container\" class=\"wpforms-field wpforms-field-text\" data-field-id=\"31\"><label class=\"wpforms-field-label\" for=\"wpforms-8434-field_31\">Compte del banc <span class=\"wpforms-required-label\" aria-hidden=\"true\">*<\/span><\/label><input type=\"text\" id=\"wpforms-8434-field_31\" class=\"wpforms-field-medium wpforms-field-required\" name=\"wpforms[fields][31]\" aria-errormessage=\"wpforms-8434-field_31-error\" required><\/div><div id=\"wpforms-8434-field_23-container\" class=\"wpforms-field wpforms-field-file-upload\" data-field-id=\"23\"><label class=\"wpforms-field-label\" for=\"wpforms-8434-field_23\">Pujar els documents que indica a sota <span class=\"wpforms-required-label\" aria-hidden=\"true\">*<\/span><\/label><div\n\t\tclass=\"wpforms-uploader\"\n\t\tdata-field-id=\"23\"\n\t\tdata-form-id=\"8434\"\n\t\tdata-input-name=\"wpforms_8434_23\"\n\t\tdata-extensions=\"jpg,pdf,jpeg,doc,png\"\n\t\tdata-max-size=\"29360128\"\n\t\tdata-max-file-number=\"3\"\n\t\tdata-post-max-size=\"209715200\"\n\t\tdata-max-parallel-uploads=\"4\"\n\t\tdata-parallel-uploads=\"true\"\n\t\tdata-file-chunk-size=\"2097152\">\n\t<div class=\"dz-message\">\n\t\t<svg viewBox=\"0 0 1024 1024\" focusable=\"false\" data-icon=\"inbox\" width=\"50px\" height=\"50px\" fill=\"currentColor\" aria-hidden=\"true\">\n\t\t\t<path d=\"M885.2 446.3l-.2-.8-112.2-285.1c-5-16.1-19.9-27.2-36.8-27.2H281.2c-17 0-32.1 11.3-36.9 27.6L139.4 443l-.3.7-.2.8c-1.3 4.9-1.7 9.9-1 14.8-.1 1.6-.2 3.2-.2 4.8V830a60.9 60.9 0 0 0 60.8 60.8h627.2c33.5 0 60.8-27.3 60.9-60.8V464.1c0-1.3 0-2.6-.1-3.7.4-4.9 0-9.6-1.3-14.1zm-295.8-43l-.3 15.7c-.8 44.9-31.8 75.1-77.1 75.1-22.1 0-41.1-7.1-54.8-20.6S436 441.2 435.6 419l-.3-15.7H229.5L309 210h399.2l81.7 193.3H589.4zm-375 76.8h157.3c24.3 57.1 76 90.8 140.4 90.8 33.7 0 65-9.4 90.3-27.2 22.2-15.6 39.5-37.4 50.7-63.6h156.5V814H214.4V480.1z\"><\/path>\n\t\t<\/svg>\n\t\t<span class=\"modern-title\">Haz clic o arrastra archivos a esta \u00e1rea para subirlos.<\/span>\n\n\t\t\t\t\t<span class=\"modern-hint\">Puedes subir hasta 3 archivos.<\/span>\n\t\t\t<\/div>\n<\/div>\n<input\n\t\ttype=\"text\"\n\t\tautocomplete=\"off\"\n\t\treadonly\n\t\tclass=\"dropzone-input\"\n\t\tstyle=\"position:absolute!important;clip:rect(0,0,0,0)!important;height:1px!important;width:1px!important;border:0!important;overflow:hidden!important;padding:0!important;margin:0!important;\"\n\t\tid=\"wpforms-8434-field_23\"\n\t\tname=\"wpforms_8434_23\" required\t\tvalue=\"\">\n<div id=\"wpforms-8434-field_23-description\" class=\"wpforms-field-description\">Autoritzaci\u00f3 de dades  &#8211; Autoritzaci\u00f3 per el banc  &#8211; Declaraci\u00f3 responsable i foto de carnet<\/div><\/div><div id=\"wpforms-8434-field_22-container\" class=\"wpforms-field wpforms-field-textarea\" data-field-id=\"22\"><label class=\"wpforms-field-label\" for=\"wpforms-8434-field_22\">Observacions<\/label><textarea id=\"wpforms-8434-field_22\" class=\"wpforms-field-medium\" name=\"wpforms[fields][22]\" aria-errormessage=\"wpforms-8434-field_22-error\" ><\/textarea><\/div><div id=\"wpforms-8434-field_11-container\" class=\"wpforms-field wpforms-field-stripe-credit-card\" data-field-id=\"11\"><label class=\"wpforms-field-label\">Dades de pagament <span class=\"wpforms-required-label\" aria-hidden=\"true\">*<\/span><\/label><div class=\"wpforms-field-row wpforms-no-columns wpforms-field-medium \" data-sublabel-position=\"above\" data-link-email=\"7\" data-required=\"1\"><div id=\"wpforms-field-stripe-payment-element-8434\"><\/div><input type=\"text\" class=\"wpforms-stripe-credit-card-hidden-input\" name=\"wpforms[stripe-credit-card-hidden-input-8434]\" disabled style=\"display: none;\"><\/div><\/div><div id=\"wpforms-8434-field_26-container\" class=\"wpforms-field wpforms-field-content\" data-field-id=\"26\"><div id=\"wpforms-8434-field_26\" class=\"wpforms-field-medium wpforms-field-row\" aria-errormessage=\"wpforms-8434-field_26-error\"><h4><\/h4>\n<p><a href=\"https:\/\/www.clubritmicasantfeliu.net\/wordpress\/wp-content\/uploads\/2022\/11\/cropped-TT_9643-scaled-1-1024x530-1.jpg\"><img loading=\"lazy\" decoding=\"async\" alt=\"\" src=\"https:\/\/www.clubritmicasantfeliu.net\/wordpress\/wp-content\/uploads\/2022\/11\/cropped-TT_9643-scaled-1-1024x530-1.jpg\" class=\"alignnone size-full wp-image-8099\" width=\"1024\" height=\"530\" srcset=\"https:\/\/www.clubritmicasantfeliu.net\/wordpress\/wp-content\/uploads\/2022\/11\/cropped-TT_9643-scaled-1-1024x530-1.jpg 1024w, https:\/\/www.clubritmicasantfeliu.net\/wordpress\/wp-content\/uploads\/2022\/11\/cropped-TT_9643-scaled-1-1024x530-1-300x155.jpg 300w, https:\/\/www.clubritmicasantfeliu.net\/wordpress\/wp-content\/uploads\/2022\/11\/cropped-TT_9643-scaled-1-1024x530-1-768x398.jpg 768w, https:\/\/www.clubritmicasantfeliu.net\/wordpress\/wp-content\/uploads\/2022\/11\/cropped-TT_9643-scaled-1-1024x530-1-600x311.jpg 600w\" sizes=\"(max-width: 1024px) 100vw, 1024px\" \/><\/a><\/p>\n<div class=\"wpforms-field-content-display-frontend-clear\"><\/div><\/div><\/div><div id=\"wpforms-8434-field_28-container\" class=\"wpforms-field wpforms-field-payment-single\" data-field-id=\"28\"><label class=\"wpforms-field-label\">matricula + mutua <span class=\"wpforms-required-label\" aria-hidden=\"true\">*<\/span><\/label><div class=\"wpforms-single-item-price-content\"><div class=\"wpforms-single-item-price wpforms-field-medium wpforms-field-required wpforms-payment-price\">Total : <span class=\"wpforms-price\">85,00 &euro;<\/span><\/div><\/div><input type=\"hidden\" id=\"wpforms-8434-field_28\" class=\"wpforms-field-medium wpforms-field-required wpforms-payment-price\" data-rule-required-positive-number=\"1\" name=\"wpforms[fields][28]\" value=\"85,00 &euro;\"><\/div><\/div><!-- .wpforms-field-container --><div class=\"wpforms-submit-container\" ><input type=\"hidden\" name=\"wpforms[id]\" value=\"8434\"><input type=\"hidden\" name=\"page_title\" value=\"\"><input type=\"hidden\" name=\"page_url\" value=\"https:\/\/www.clubritmicasantfeliu.net\/wordpress\/wp-json\/wp\/v2\/pages\/8442\"><button type=\"submit\" name=\"wpforms[submit]\" id=\"wpforms-submit-8434\" class=\"wpforms-submit\" data-alt-text=\"Enviant\" data-submit-text=\"Envio\" aria-live=\"assertive\" value=\"wpforms-submit\">Envio<\/button><img loading=\"lazy\" decoding=\"async\" src=\"https:\/\/www.clubritmicasantfeliu.net\/wordpress\/wp-content\/plugins\/wpforms\/assets\/images\/submit-spin.svg\" class=\"wpforms-submit-spinner\" style=\"display: none;\" width=\"26\" height=\"26\" alt=\"Cargando\"><\/div><\/form><\/div>  <!-- .wpforms-container -->","protected":false},"excerpt":{"rendered":"<p>Autoritzaci\u00f3 dades i imatges menors Autoritzaci\u00f3 cobrament per el bancDeclaraci\u00f3 responsable menors d&#8217;edat Descarregar aquests documents omplir-los i anexar-los al document d&#8217;alta<\/p>\n","protected":false},"author":1,"featured_media":0,"parent":0,"menu_order":0,"comment_status":"closed","ping_status":"closed","template":"","meta":{"footnotes":""},"_links":{"self":[{"href":"https:\/\/www.clubritmicasantfeliu.net\/wordpress\/wp-json\/wp\/v2\/pages\/8442"}],"collection":[{"href":"https:\/\/www.clubritmicasantfeliu.net\/wordpress\/wp-json\/wp\/v2\/pages"}],"about":[{"href":"https:\/\/www.clubritmicasantfeliu.net\/wordpress\/wp-json\/wp\/v2\/types\/page"}],"author":[{"embeddable":true,"href":"https:\/\/www.clubritmicasantfeliu.net\/wordpress\/wp-json\/wp\/v2\/users\/1"}],"replies":[{"embeddable":true,"href":"https:\/\/www.clubritmicasantfeliu.net\/wordpress\/wp-json\/wp\/v2\/comments?post=8442"}],"version-history":[{"count":4,"href":"https:\/\/www.clubritmicasantfeliu.net\/wordpress\/wp-json\/wp\/v2\/pages\/8442\/revisions"}],"predecessor-version":[{"id":8505,"href":"https:\/\/www.clubritmicasantfeliu.net\/wordpress\/wp-json\/wp\/v2\/pages\/8442\/revisions\/8505"}],"wp:attachment":[{"href":"https:\/\/www.clubritmicasantfeliu.net\/wordpress\/wp-json\/wp\/v2\/media?parent=8442"}],"curies":[{"name":"wp","href":"https:\/\/api.w.org\/{rel}","templated":true}]}}